{"id":237,"date":"2025-11-12T19:51:46","date_gmt":"2025-11-12T19:51:46","guid":{"rendered":"https:\/\/totaalduurzaamheidsadviseur.nl\/?page_id=237"},"modified":"2026-01-12T22:03:21","modified_gmt":"2026-01-12T22:03:21","slug":"1-of-3-fase-aansluiting-bij-de-netbeheerder","status":"publish","type":"page","link":"https:\/\/totaalduurzaamheidsadviseur.nl\/?page_id=237","title":{"rendered":"1 of 3 fase aansluiting bij de netbeheerder"},"content":{"rendered":"\n<div id=\"metaslider-id-1369\" style=\"width: 100%;\" class=\"ml-slider-3-104-0 metaslider metaslider-flex metaslider-1369 ml-slider has-dots-nav ms-theme-default-base\" role=\"region\" aria-label=\"New Slideshow\" data-height=\"500\" data-width=\"1000\">\n    <div id=\"metaslider_container_1369\">\n        <div id=\"metaslider_1369\">\n            <ul aria-live='off' class='slides'>\n                <li style=\"display: block; width: 100%;\" class=\"slide-1370 ms-image \" aria-roledescription=\"slide\" data-date=\"2025-12-22 19:09:27\" data-filename=\"weheat-1000x500.jpg\" data-slide-type=\"image\"><a href=\"https:\/\/totaalduurzaamheidsadviseur.nl\/?page_id=379\" target=\"_blank\" aria-label=\"Offerte voor uw warmtepomp\" class=\"metaslider_image_link\"><img loading=\"lazy\" decoding=\"async\" src=\"https:\/\/totaalduurzaamheidsadviseur.nl\/wp-content\/uploads\/2025\/12\/weheat-1000x500.jpg\" height=\"500\" width=\"1000\" alt=\"\" class=\"slider-1369 slide-1370 msDefaultImage\" title=\"weheat\" \/><\/a><div class=\"caption-wrap\"><div class=\"caption\"><div><a class=\"ms-custom-button\" style=\"background-color:rgb(129,215,66);color:rgb(255,255,255);\" href=\"https:\/\/totaalduurzaamheidsadviseur.nl\/?page_id=379\">Warmtepomp offerte<\/a><\/div><\/div><\/div><\/li>\n                <li style=\"display: none; width: 100%;\" class=\"slide-1373 ms-image \" aria-roledescription=\"slide\" data-date=\"2025-12-22 19:24:10\" data-filename=\"Zonnepanelen-474x237.webp\" data-slide-type=\"image\"><img loading=\"lazy\" decoding=\"async\" src=\"https:\/\/totaalduurzaamheidsadviseur.nl\/wp-content\/uploads\/2025\/12\/Zonnepanelen-474x237.webp\" height=\"500\" width=\"1000\" alt=\"\" class=\"slider-1369 slide-1373 msDefaultImage\" title=\"Zonnepanelen\" \/><div class=\"caption-wrap\"><div class=\"caption\"><div><a class=\"ms-custom-button\" style=\"background-color:rgb(129,215,66);color:rgb(255,255,255);\" href=\"https:\/\/totaalduurzaamheidsadviseur.nl\/?page_id=379\">Zonnepanelen offerte<\/a><\/div><\/div><\/div><\/li>\n                <li style=\"display: none; width: 100%;\" class=\"slide-1381 ms-image \" aria-roledescription=\"slide\" data-date=\"2025-12-22 20:29:06\" data-filename=\"Sigenergy-SIGENSTOR-1000x500.webp\" data-slide-type=\"image\"><a href=\"https:\/\/totaalduurzaamheidsadviseur.nl\/?page_id=379\" target=\"_self\" aria-label=\"Zonnepanelen\" class=\"metaslider_image_link\"><img loading=\"lazy\" decoding=\"async\" src=\"https:\/\/totaalduurzaamheidsadviseur.nl\/wp-content\/uploads\/2026\/01\/Sigenergy-SIGENSTOR-1000x500.webp\" height=\"500\" width=\"1000\" alt=\"\" class=\"slider-1369 slide-1381 msDefaultImage\" title=\"Sigenergy-SIGENSTOR\" \/><\/a><div class=\"caption-wrap\"><div class=\"caption\"><div><a class=\"ms-custom-button\" style=\"background-color:rgb(129,215,66);color:rgb(255,255,255);\" href=\"https:\/\/totaalduurzaamheidsadviseur.nl\/?page_id=379\" target=\"_blank\" rel=\"noreferrer noopener\">Thuisbatterij offerte<\/a><\/div><\/div><\/div><\/li>\n                <li style=\"display: none; width: 100%;\" class=\"slide-1388 ms-image \" aria-roledescription=\"slide\" data-date=\"2025-12-22 23:09:19\" data-filename=\"kunststof-kozijnen-1000x500.jpeg\" data-slide-type=\"image\"><img loading=\"lazy\" decoding=\"async\" src=\"https:\/\/totaalduurzaamheidsadviseur.nl\/wp-content\/uploads\/2025\/12\/kunststof-kozijnen-1000x500.jpeg\" height=\"500\" width=\"1000\" alt=\"\" class=\"slider-1369 slide-1388 msDefaultImage\" title=\"kunststof kozijnen\" \/><div class=\"caption-wrap\"><div class=\"caption\"><div><a class=\"ms-custom-button\" style=\"background-color:rgb(129,215,66);color:rgb(255,255,255);\" href=\"https:\/\/totaalduurzaamheidsadviseur.nl\/?page_id=379\" target=\"_blank\" rel=\"noreferrer noopener\">Kuststof kozijnen offerte<\/a><\/div><\/div><\/div><\/li>\n                <li style=\"display: none; width: 100%;\" class=\"slide-1393 ms-image \" aria-roledescription=\"slide\" data-date=\"2025-12-22 23:47:18\" data-filename=\"Jaga-Strada-1000x500.png\" data-slide-type=\"image\"><img loading=\"lazy\" decoding=\"async\" src=\"https:\/\/totaalduurzaamheidsadviseur.nl\/wp-content\/uploads\/2025\/12\/Jaga-Strada-1000x500.png\" height=\"500\" width=\"1000\" alt=\"\" class=\"slider-1369 slide-1393 msDefaultImage\" title=\"Jaga Strada\" \/><div class=\"caption-wrap\"><div class=\"caption\"><div><a class=\"ms-custom-button\" style=\"background-color:rgb(129,215,66);color:rgb(255,255,255);\" href=\"https:\/\/totaalduurzaamheidsadviseur.nl\/?page_id=379\">Lage temperatuurradiatoren offerte<\/a><\/div><\/div><\/div><\/li>\n                <li style=\"display: none; width: 100%;\" class=\"slide-1488 ms-image \" aria-roledescription=\"slide\" data-date=\"2025-12-31 01:25:41\" data-filename=\"stylish-silver-slider-1000x500.jpeg\" data-slide-type=\"image\"><img loading=\"lazy\" decoding=\"async\" src=\"https:\/\/totaalduurzaamheidsadviseur.nl\/wp-content\/uploads\/2025\/12\/stylish-silver-slider-1000x500.jpeg\" height=\"500\" width=\"1000\" alt=\"\" class=\"slider-1369 slide-1488 msDefaultImage\" title=\"daikin-stylish\" \/><div class=\"caption-wrap\"><div class=\"caption\"><div><a class=\"ms-custom-button\" style=\"background-color:rgb(129,215,66);color:rgb(255,255,255);\" href=\"https:\/\/totaalduurzaamheidsadviseur.nl\/?page_id=379\" target=\"_blank\" rel=\"noreferrer noopener\">Airco | Lucht lucht warmtepomp offerte<\/a><\/div><\/div><\/div><\/li>\n                <li style=\"display: none; width: 100%;\" class=\"slide-1515 ms-image \" aria-roledescription=\"slide\" data-date=\"2026-01-01 14:47:56\" data-filename=\"Watergedragen-vloerverwarming-1-1000x500-1.jpg\" data-slide-type=\"image\"><img loading=\"lazy\" decoding=\"async\" src=\"https:\/\/totaalduurzaamheidsadviseur.nl\/wp-content\/uploads\/2026\/01\/Watergedragen-vloerverwarming-1-1000x500-1.jpg\" height=\"500\" width=\"1000\" alt=\"\" class=\"slider-1369 slide-1515 msDefaultImage\" title=\"Watergedragen-vloerverwarming-1-1000x500\" \/><div class=\"caption-wrap\"><div class=\"caption\"><div><a class=\"ms-custom-button\" style=\"background-color:rgb(129,215,66);color:rgb(255,255,255);\" href=\"https:\/\/totaalduurzaamheidsadviseur.nl\/?page_id=379\" target=\"_blank\" rel=\"noreferrer noopener\">Vloerverwarming offerte<\/a><\/div><\/div><\/div><\/li>\n            <\/ul>\n        <\/div>\n        \n    <\/div>\n<\/div>\n\n\n\n<h2 class=\"wp-block-heading\">\u26a1 1\u2011fase of 3\u2011fase aansluiting bij de netbeheerder<\/h2>\n\n\n\n<p><em>Is jouw woning klaar voor zonnepanelen, warmtepomp of laadpaal?<\/em><\/p>\n\n\n\n<div id=\"metaslider-id-1369\" style=\"width: 100%;\" class=\"ml-slider-3-104-0 metaslider metaslider-flex metaslider-1369 ml-slider has-dots-nav ms-theme-default-base\" role=\"region\" aria-label=\"New Slideshow\" data-height=\"500\" data-width=\"1000\">\n    <div id=\"metaslider_container_1369\">\n        <div id=\"metaslider_1369\">\n            <ul aria-live='off' class='slides'>\n                <li style=\"display: block; width: 100%;\" class=\"slide-1370 ms-image \" aria-roledescription=\"slide\" data-date=\"2025-12-22 19:09:27\" data-filename=\"weheat-1000x500.jpg\" data-slide-type=\"image\"><a href=\"https:\/\/totaalduurzaamheidsadviseur.nl\/?page_id=379\" target=\"_blank\" aria-label=\"Offerte voor uw warmtepomp\" class=\"metaslider_image_link\"><img loading=\"lazy\" decoding=\"async\" src=\"https:\/\/totaalduurzaamheidsadviseur.nl\/wp-content\/uploads\/2025\/12\/weheat-1000x500.jpg\" height=\"500\" width=\"1000\" alt=\"\" class=\"slider-1369 slide-1370 msDefaultImage\" title=\"weheat\" \/><\/a><div class=\"caption-wrap\"><div class=\"caption\"><div><a class=\"ms-custom-button\" style=\"background-color:rgb(129,215,66);color:rgb(255,255,255);\" href=\"https:\/\/totaalduurzaamheidsadviseur.nl\/?page_id=379\">Warmtepomp offerte<\/a><\/div><\/div><\/div><\/li>\n                <li style=\"display: none; width: 100%;\" class=\"slide-1373 ms-image \" aria-roledescription=\"slide\" data-date=\"2025-12-22 19:24:10\" data-filename=\"Zonnepanelen-474x237.webp\" data-slide-type=\"image\"><img loading=\"lazy\" decoding=\"async\" src=\"https:\/\/totaalduurzaamheidsadviseur.nl\/wp-content\/uploads\/2025\/12\/Zonnepanelen-474x237.webp\" height=\"500\" width=\"1000\" alt=\"\" class=\"slider-1369 slide-1373 msDefaultImage\" title=\"Zonnepanelen\" \/><div class=\"caption-wrap\"><div class=\"caption\"><div><a class=\"ms-custom-button\" style=\"background-color:rgb(129,215,66);color:rgb(255,255,255);\" href=\"https:\/\/totaalduurzaamheidsadviseur.nl\/?page_id=379\">Zonnepanelen offerte<\/a><\/div><\/div><\/div><\/li>\n                <li style=\"display: none; width: 100%;\" class=\"slide-1381 ms-image \" aria-roledescription=\"slide\" data-date=\"2025-12-22 20:29:06\" data-filename=\"Sigenergy-SIGENSTOR-1000x500.webp\" data-slide-type=\"image\"><a href=\"https:\/\/totaalduurzaamheidsadviseur.nl\/?page_id=379\" target=\"_self\" aria-label=\"Zonnepanelen\" class=\"metaslider_image_link\"><img loading=\"lazy\" decoding=\"async\" src=\"https:\/\/totaalduurzaamheidsadviseur.nl\/wp-content\/uploads\/2026\/01\/Sigenergy-SIGENSTOR-1000x500.webp\" height=\"500\" width=\"1000\" alt=\"\" class=\"slider-1369 slide-1381 msDefaultImage\" title=\"Sigenergy-SIGENSTOR\" \/><\/a><div class=\"caption-wrap\"><div class=\"caption\"><div><a class=\"ms-custom-button\" style=\"background-color:rgb(129,215,66);color:rgb(255,255,255);\" href=\"https:\/\/totaalduurzaamheidsadviseur.nl\/?page_id=379\" target=\"_blank\" rel=\"noreferrer noopener\">Thuisbatterij offerte<\/a><\/div><\/div><\/div><\/li>\n                <li style=\"display: none; width: 100%;\" class=\"slide-1388 ms-image \" aria-roledescription=\"slide\" data-date=\"2025-12-22 23:09:19\" data-filename=\"kunststof-kozijnen-1000x500.jpeg\" data-slide-type=\"image\"><img loading=\"lazy\" decoding=\"async\" src=\"https:\/\/totaalduurzaamheidsadviseur.nl\/wp-content\/uploads\/2025\/12\/kunststof-kozijnen-1000x500.jpeg\" height=\"500\" width=\"1000\" alt=\"\" class=\"slider-1369 slide-1388 msDefaultImage\" title=\"kunststof kozijnen\" \/><div class=\"caption-wrap\"><div class=\"caption\"><div><a class=\"ms-custom-button\" style=\"background-color:rgb(129,215,66);color:rgb(255,255,255);\" href=\"https:\/\/totaalduurzaamheidsadviseur.nl\/?page_id=379\" target=\"_blank\" rel=\"noreferrer noopener\">Kuststof kozijnen offerte<\/a><\/div><\/div><\/div><\/li>\n                <li style=\"display: none; width: 100%;\" class=\"slide-1393 ms-image \" aria-roledescription=\"slide\" data-date=\"2025-12-22 23:47:18\" data-filename=\"Jaga-Strada-1000x500.png\" data-slide-type=\"image\"><img loading=\"lazy\" decoding=\"async\" src=\"https:\/\/totaalduurzaamheidsadviseur.nl\/wp-content\/uploads\/2025\/12\/Jaga-Strada-1000x500.png\" height=\"500\" width=\"1000\" alt=\"\" class=\"slider-1369 slide-1393 msDefaultImage\" title=\"Jaga Strada\" \/><div class=\"caption-wrap\"><div class=\"caption\"><div><a class=\"ms-custom-button\" style=\"background-color:rgb(129,215,66);color:rgb(255,255,255);\" href=\"https:\/\/totaalduurzaamheidsadviseur.nl\/?page_id=379\">Lage temperatuurradiatoren offerte<\/a><\/div><\/div><\/div><\/li>\n                <li style=\"display: none; width: 100%;\" class=\"slide-1488 ms-image \" aria-roledescription=\"slide\" data-date=\"2025-12-31 01:25:41\" data-filename=\"stylish-silver-slider-1000x500.jpeg\" data-slide-type=\"image\"><img loading=\"lazy\" decoding=\"async\" src=\"https:\/\/totaalduurzaamheidsadviseur.nl\/wp-content\/uploads\/2025\/12\/stylish-silver-slider-1000x500.jpeg\" height=\"500\" width=\"1000\" alt=\"\" class=\"slider-1369 slide-1488 msDefaultImage\" title=\"daikin-stylish\" \/><div class=\"caption-wrap\"><div class=\"caption\"><div><a class=\"ms-custom-button\" style=\"background-color:rgb(129,215,66);color:rgb(255,255,255);\" href=\"https:\/\/totaalduurzaamheidsadviseur.nl\/?page_id=379\" target=\"_blank\" rel=\"noreferrer noopener\">Airco | Lucht lucht warmtepomp offerte<\/a><\/div><\/div><\/div><\/li>\n                <li style=\"display: none; width: 100%;\" class=\"slide-1515 ms-image \" aria-roledescription=\"slide\" data-date=\"2026-01-01 14:47:56\" data-filename=\"Watergedragen-vloerverwarming-1-1000x500-1.jpg\" data-slide-type=\"image\"><img loading=\"lazy\" decoding=\"async\" src=\"https:\/\/totaalduurzaamheidsadviseur.nl\/wp-content\/uploads\/2026\/01\/Watergedragen-vloerverwarming-1-1000x500-1.jpg\" height=\"500\" width=\"1000\" alt=\"\" class=\"slider-1369 slide-1515 msDefaultImage\" title=\"Watergedragen-vloerverwarming-1-1000x500\" \/><div class=\"caption-wrap\"><div class=\"caption\"><div><a class=\"ms-custom-button\" style=\"background-color:rgb(129,215,66);color:rgb(255,255,255);\" href=\"https:\/\/totaalduurzaamheidsadviseur.nl\/?page_id=379\" target=\"_blank\" rel=\"noreferrer noopener\">Vloerverwarming offerte<\/a><\/div><\/div><\/div><\/li>\n            <\/ul>\n        <\/div>\n        \n    <\/div>\n<\/div>\n\n\n\n<h2 class=\"wp-block-heading\">\ud83d\udd0d Hoe herken je jouw aansluiting?<\/h2>\n\n\n\n<h3 class=\"wp-block-heading\">\ud83d\udd0c <strong>1\u2011fase aansluiting<\/strong><\/h3>\n\n\n\n<ul class=\"wp-block-list\">\n<li>E\u00e9n hoofdzekering of \u00e9\u00e9n dikke kabel in de meterkast<\/li>\n\n\n\n<li>Op de meter staat vaak <em>230V<\/em> of <em>25A<\/em><\/li>\n\n\n\n<li>Maximaal vermogen meestal rond <strong>8 kW (35A)<\/strong><\/li>\n<\/ul>\n\n\n\n<h3 class=\"wp-block-heading\">\u26a1 <strong>3\u2011fase aansluiting<\/strong><\/h3>\n\n\n\n<ul class=\"wp-block-list\">\n<li>Drie hoofdzekeringen naast elkaar of een kabel met meerdere dikke draden<\/li>\n\n\n\n<li>Op de meter staat vaak <em>3&#215;230\/400V<\/em> of <em>3x25A<\/em><\/li>\n\n\n\n<li>Vermogen kan oplopen tot <strong>17 kW of meer<\/strong><\/li>\n<\/ul>\n\n\n\n<h2 class=\"wp-block-heading\">\ud83c\udfe1 Wanneer overstappen naar 3\u2011fase?<\/h2>\n\n\n\n<p>Een 3\u2011fase aansluiting is verstandig bij:<\/p>\n\n\n\n<h3 class=\"wp-block-heading\">\ud83d\ude97 <strong>Laadpaal voor elektrische auto\u2019s<\/strong><\/h3>\n\n\n\n<p>Sneller en stabieler laden, minder kans op overbelasting.<\/p>\n\n\n\n<h3 class=\"wp-block-heading\">\u2744\ufe0f <strong>Warmtepomp<\/strong><\/h3>\n\n\n\n<p>Veel warmtepompen vragen meer vermogen dan een 1\u2011fase aansluiting aankan.<\/p>\n\n\n\n<h3 class=\"wp-block-heading\">\u2600\ufe0f <strong>Zonnepanelen (&gt;5 kWp)<\/strong><\/h3>\n\n\n\n<p>Een 3\u2011fase aansluiting verdeelt teruglevering beter en voorkomt storingen.<\/p>\n\n\n\n<h3 class=\"wp-block-heading\">\ud83d\udd2e <strong>Toekomstige uitbreidingen<\/strong><\/h3>\n\n\n\n<p>Denk aan inductiekoken, airco\u2019s, thuisbatterij of een tweede laadpaal.<\/p>\n\n\n\n<h2 class=\"wp-block-heading\">\u26a0\ufe0f Let op: kies niet te zwaar<\/h2>\n\n\n\n<p>Bij het aanvragen van een verzwaring kun je kiezen uit o.a. <strong>3x25A, 3x35A of 3x50A<\/strong>. \ud83d\udc49 Hoe zwaarder de aansluiting, hoe hoger je jaarlijkse <strong>vastrechtkosten<\/strong>.<\/p>\n\n\n\n<p>Voor <strong>95% van de huishoudens<\/strong> is <strong>3x25A<\/strong> ruim voldoende \u2014 zelfs met zonnepanelen, warmtepomp \u00e9n laadpaal. Alleen bij uitzonderlijk hoge vermogens is een zwaardere aansluiting nodig.<\/p>\n\n\n\n<p>\ud83d\udca1 <em>Twijfel je? Een thuisbatterij kan piekbelasting opvangen en voorkomt vaak dat een zwaardere aansluiting nodig is.<\/em><\/p>\n\n\n\n<h2 class=\"wp-block-heading\">\ud83e\udde0 Advies van de Totaalduurzaamheidsadviseur<\/h2>\n\n\n\n<p>Wij helpen je met:<\/p>\n\n\n\n<h3 class=\"wp-block-heading\">\ud83e\uddfe <strong>1. Het bepalen van je huidige aansluiting<\/strong><\/h3>\n\n\n\n<p>We kijken mee in je meterkast of via foto\u2019s.<\/p>\n\n\n\n<h3 class=\"wp-block-heading\">\ud83d\udcc8 <strong>2. Het berekenen van je toekomstige stroombehoefte<\/strong><\/h3>\n\n\n\n<p>Op basis van jouw plannen: zonnepanelen, warmtepomp, laadpaal, batterij, inductie, airco.<\/p>\n\n\n\n<h3 class=\"wp-block-heading\">\ud83d\udcdd <strong>3. Het aanvragen van de juiste verzwaring bij de netbeheerder<\/strong><\/h3>\n\n\n\n<p>Wij zorgen dat je niet te veel betaalt en klaar bent voor de toekomst.<\/p>\n\n\n\n<h1 class=\"wp-block-heading\">\ud83d\ude80 Klaar voor de volgende stap?<\/h1>\n\n\n\n<p>\ud83d\udc49 <strong>Vraag gratis jouw aansluitingscheck aan<\/strong> <em>Binnen 24 uur duidelijkheid over jouw situatie.<\/em><\/p>\n\n\n\n<p>\u2714\ufe0f Ja, check mijn aansluiting<\/p>\n","protected":false},"excerpt":{"rendered":"<p>\u26a1 1\u2011fase of 3\u2011fase aansluiting bij de netbeheerder Is jouw woning klaar voor zonnepanelen, warmtepomp of laadpaal? \ud83d\udd0d Hoe herken je jouw aansluiting? \ud83d\udd0c 1\u2011fase aansluiting \u26a1 3\u2011fase aansluiting \ud83c\udfe1 Wanneer overstappen naar 3\u2011fase? Een 3\u2011fase aansluiting is verstandig bij: \ud83d\ude97 Laadpaal voor elektrische auto\u2019s Sneller en stabieler laden, minder kans op overbelasting. \u2744\ufe0f Warmtepomp [&hellip;]<\/p>\n","protected":false},"author":1,"featured_media":0,"parent":0,"menu_order":0,"comment_status":"closed","ping_status":"closed","template":"","meta":{"footnotes":""},"class_list":["post-237","page","type-page","status-publish","hentry"],"aioseo_notices":[],"_links":{"self":[{"href":"https:\/\/totaalduurzaamheidsadviseur.nl\/index.php?rest_route=\/wp\/v2\/pages\/237","targetHints":{"allow":["GET"]}}],"collection":[{"href":"https:\/\/totaalduurzaamheidsadviseur.nl\/index.php?rest_route=\/wp\/v2\/pages"}],"about":[{"href":"https:\/\/totaalduurzaamheidsadviseur.nl\/index.php?rest_route=\/wp\/v2\/types\/page"}],"author":[{"embeddable":true,"href":"https:\/\/totaalduurzaamheidsadviseur.nl\/index.php?rest_route=\/wp\/v2\/users\/1"}],"replies":[{"embeddable":true,"href":"https:\/\/totaalduurzaamheidsadviseur.nl\/index.php?rest_route=%2Fwp%2Fv2%2Fcomments&post=237"}],"version-history":[{"count":11,"href":"https:\/\/totaalduurzaamheidsadviseur.nl\/index.php?rest_route=\/wp\/v2\/pages\/237\/revisions"}],"predecessor-version":[{"id":1650,"href":"https:\/\/totaalduurzaamheidsadviseur.nl\/index.php?rest_route=\/wp\/v2\/pages\/237\/revisions\/1650"}],"wp:attachment":[{"href":"https:\/\/totaalduurzaamheidsadviseur.nl\/index.php?rest_route=%2Fwp%2Fv2%2Fmedia&parent=237"}],"curies":[{"name":"wp","href":"https:\/\/api.w.org\/{rel}","templated":true}]}}